{"id":20006,"date":"2020-12-30T14:20:19","date_gmt":"2020-12-30T14:20:19","guid":{"rendered":"http:\/\/wp24.dsrom.de\/informativa\/"},"modified":"2024-12-05T22:22:53","modified_gmt":"2024-12-05T22:22:53","slug":"informativa","status":"publish","type":"page","link":"https:\/\/dsrom.de\/it\/informativa\/","title":{"rendered":"Informativa"},"content":{"rendered":"\n<h2 class=\"wp-block-heading\">Privacy<\/h2>\n\n\n\n<p>In questa pagina si descrivono le modalit\u00e0 di gestione del sito www.dsrom.de in riferimento al trattamento dei dati personali degli utenti che lo consultano, o che si registrano ad esso (\u201cil Sito\u201d).<\/p>\n\n\n\n<p>Si tratta di un\u2019informativa che \u00e8 resa, ai sensi dell\u2019art. 13 del Regolamento generale sulla protezione dei dati personali (Regolamento UE 679\/2016) e ai sensi della normativa nazionale applicabile in materia, a coloro che interagiscono con i servizi web erogati mediante il predetto Sito.<\/p>\n\n\n\n<p>Per \u201ctrattamento\u201d di dati personali devono intendersi le diverse operazioni di trattamento dei dati personali, quali la raccolta, l\u2019elaborazione, il raffronto, la cancellazione, la modificazione, la comunicazione o la diffusione dei suddetti dati.<\/p>\n\n\n\n<p>L\u2019informativa \u00e8 resa solo per il Sito e non per altri siti web eventualmente consultati dall\u2019utente tramite link.<\/p>\n\n\n\n<p>Nessun dato derivante dal servizio web viene comunicato o diffuso, salvo nei casi espressamente previsti dalla legge.<\/p>\n\n\n\n<p>I dati personali forniti dagli utenti sono utilizzati al solo fine di eseguire il servizio o la prestazione richiesta e sono comunicati a terzi solo nel caso in cui ci\u00f2 sia a tal fine necessario.<\/p>\n\n\n\n<h3 class=\"wp-block-heading\">Titolare e Responsabile della protezione dei dati (DPO)<\/h3>\n\n\n\n<p>Titolare del trattamento dei dati personali \u00e8 la Scuola Germanica Roma (la \u201cScuola\u201d), con sede in via Aurelia Antica 397-403 \u2013 00165 Roma (Italia), legalmente rappresentata dal Presidente del Consiglio di Amministrazione. Il Titolare pu\u00f2 essere contattato alla mail: <a href=\"mailto:dsr@dsrom.de\">dsr@dsrom.de<\/a>. <\/p>\n\n\n\n<p>La Scuola ha designato, ai sensi dell\u2019art. 37 GDPR, un Responsabile per la protezione dei dati personali (\u201cDPO\u201d) che si pu\u00f2 raggiungere scrivendo una mail a: <a href=\"mailto:dpo@dsrom.de\">dpo@dsrom.de<\/a><\/p>\n\n\n\n<h3 class=\"wp-block-heading\">Tipologia dei dati trattati<\/h3>\n\n\n\n<h4 class=\"wp-block-heading\">Dati di navigazione<\/h4>\n\n\n\n<p>I sistemi informatici e le procedure software preposte al funzionamento del presente Sito Web acquisiscono, nel corso del loro normale esercizio alcuni dati personali la cui trasmissione \u00e8 implicita nell\u2019uso dei protocolli di comunicazione Internet.<\/p>\n\n\n\n<p>Si tratta di informazioni che non vengono raccolte per essere associate a interessati identificati, ma che per loro stessa natura potrebbero permettere di identificare gli utenti attraverso elaborazioni e associazioni con dati detenuti da terzi.<\/p>\n\n\n\n<p>In questa categoria di dati rientrano gli indirizzi IP o i nomi di dominio del computer utilizzati dagli utenti che si collegano al Sito Web, gli indirizzi in notazione URI (Uniform Resource Identifier) delle risorse richieste, l\u2019orario della richiesta, il metodo utilizzato nel sottoporre la richiesta al server, la dimensione del file ottenuto in risposta, il codice numerico indicante lo stato della risposta data dal server (buon fine, errore, e cos\u00ec via) e altri parametri relativi al sistema operativo e all\u2019ambiente informatico dell\u2019utente.<\/p>\n\n\n\n<p>Questi dati vengono utilizzati al solo fine di ricavare informazioni statistiche anonime sull\u2019uso del Sito Web e per controllarne il corretto funzionamento e vengono mantenuti per il periodo minimo richiesto dalla normativa vigente.<\/p>\n\n\n\n<p>I dati potrebbero essere utilizzati per l\u2019accertamento di responsabilit\u00e0 in caso di ipotetici reati informatici ai danni del Sito Web.<\/p>\n\n\n\n<h4 class=\"wp-block-heading\">Dati forniti volontariamente dall\u2019utente<\/h4>\n\n\n\n<p>L\u2019invio facoltativo esplicito e volontario di posta elettronica agli indirizzi indicati sul presente Sito Web comporta la necessaria acquisizione dell\u2019indirizzo del mittente, necessario per rispondere alle richieste, nonch\u00e9 degli eventuali altri dati personali inseriti. \u00c8 escluso il trattamento di dati sensibili e giudiziari, che \u2013 se forniti dall\u2019utente \u2013 saranno cancellati. Specifiche informative di sintesi possono essere riportate o visualizzate nelle pagine del Sito Web predisposte per particolari servizi a richiesta.  <\/p>\n\n\n\n<h4 class=\"wp-block-heading\">Cookies<\/h4>\n\n\n\n<p>Per informazioni dettagliate sull\u2019utilizzo dei cookie, consultare la pagina Informativa sull\u2019utilizzo dei cookie.<strong><\/strong><\/p>\n\n\n\n<h4 class=\"wp-block-heading\">Facoltativit\u00e0 del conferimento dei dati<\/h4>\n\n\n\n<p>A parte quanto specificato per i dati di navigazione e l\u2019utilizzo dei cookie, l\u2019utente \u00e8 libero di fornire ulteriori dati o pu\u00f2 scegliere di rimanere anonimo. In mancanza di tali dati, la Scuola potrebbe tuttavia non essere in grado di attivare eventuali servizi richiesti dall\u2019utente. <\/p>\n\n\n\n<h4 class=\"wp-block-heading\">Modalit\u00e0 del trattamento<\/h4>\n\n\n\n<p>I dati personali sono trattati con strumenti automatizzati per il tempo strettamente necessario a conseguire gli scopi per cui sono stati raccolti o per adempiere a eventuali obblighi di legge. I dati raccolti mediante il Sito Web potranno essere trattati dal personale incaricato \u2013 anche occasionalmente \u2013 dalla Scuola del trattamento e\/o da societ\u00e0 di consulenza a cui la Scuola dovesse affidare alcuni servizi. <\/p>\n\n\n\n<p>I dati personali di terzi conferiti mediante la procedura di registrazione presente in alcune aree del Sito Web saranno trattati dalla Scuola per la finalit\u00e0 esclusiva di perfezionare la registrazione dell\u2019utente e attivare i servizi che l\u2019utente richiede. I dati personali e\/o identificativi necessari per l\u2019accesso al Sito Web e ai suoi servizi sono limitati al minimo indispensabile per poter raggiungere tramite posta elettronica l\u2019utente e\/o per effettuare i servizi che l\u2019utente richiede. <\/p>\n\n\n\n<p>I dati personali forniti dall\u2019utente mediante richieste di invio di materiale informativo (brochure, materiale informativo, e cos\u00ec via) sono utilizzati al solo fine di perfezionare il servizio o la prestazione richiesta e sono comunicati a terzi solo nei casi e\/o per le attivit\u00e0 per cui ci\u00f2 sia necessario (societ\u00e0 che forniscono servizi di imbustamento, etichettatura, spedizione).<\/p>\n\n\n\n<p>Inoltre, nel caso in cui l\u2019utente voglia usufruire di servizi di comunicazioni, quali ad esempio newsletters, avr\u00e0 il diritto di disdire in qualsiasi momento la propria iscrizione seguendo le istruzioni riportate in ogni singola comunicazione. Qualora decida di disdire l\u2019iscrizione a un servizio o a una comunicazione, la Scuola provveder\u00e0 all\u2019immediata cancellazione dei dati dell\u2019utente. <\/p>\n\n\n\n<h4 class=\"wp-block-heading\">Condivisione, comunicazione e diffusione dei dati<\/h4>\n\n\n\n<p>Il Titolare del trattamento potrebbe essere tenuto a comunicare dati di cui alla presente informativa qualora le Forze di Polizia raccolgano informazioni svolgendo legittime attivit\u00e0 di polizia giudiziaria e\/o indagine (di propria iniziativa nel caso di indagini preliminari o sotto la direzione del Pubblico Ministero). Al di fuori di questi casi e delle ipotesi espressamente disciplinate dalle singole informative presenti nelle varie pagine del Sito Web, i dati non saranno comunicati, n\u00e9 concessi ad alcuno. <\/p>\n\n\n\n<p>La Scuola si riserva di comunicare i dati personali degli utenti a soggetti pubblici italiani e tedeschi, fatta salva la garanzia del rispetto della presente Informativa sulla privacy. Nessun dato derivante dal servizio Web viene diffuso. <\/p>\n\n\n\n<h4 class=\"wp-block-heading\">Sicurezza<\/h4>\n\n\n\n<p>La Scuola garantisce l\u2019applicazione di adeguate misure di sicurezza atte a prevenire l\u2019accesso da parte di soggetti non autorizzati ai dati, la perdita, la diffusione o l\u2019uso improprio degli stessi, secondo quanto prescritto dalla normativa sulla privacy.<\/p>\n\n\n\n<p>Spetta tuttavia agli utenti garantire che il proprio computer sia adeguatamente sicuro e protetto da software nocivi come virus, worm e \u201ccavalli di Troia\u201d: infatti senza adeguate misure di sicurezza (ad esempio, una configurazione sicura del browser Web, un antivirus aggiornato, un firewall software o l\u2019impiego di software di dubbia provenienza) c\u2019\u00e8 il rischio che i dati e le password utilizzati per proteggere l\u2019accesso ai propri dati vengano diffusi a terzi non autorizzati.<\/p>\n\n\n\n<h4 class=\"wp-block-heading\"><strong>Periodo di conservazione<\/strong><\/h4>\n\n\n\n<p>I dati verranno conservati per un tempo non superiore a quello indispensabile per il perseguimento delle finalit\u00e0, fatti salvi eventuali obblighi di legge.<\/p>\n\n\n\n<h4 class=\"wp-block-heading\">Diritti degli interessati<\/h4>\n\n\n\n<p>Gli artt. 15 e ss. del Regolamento UE 2016\/679 riconoscono all\u2019utente numerosi diritti che invitiamo a considerare attentamente. Tra questi, ricordiamo ad esempio il diritto in qualsiasi momento di accedere ai propri dati personali, verificarne contenuto, origine e accuratezza, richiedere integrazioni, aggiornamenti, modifiche, cancellazioni, blocco per violazione di legge. L\u2019interessato ha inoltre diritto di chiedere la limitazione del trattamento, la portabilit\u00e0, la cancellazione, la trasformazione in forma anonima o il blocco dei dati trattati in violazione di legge nonch\u00e9 di opporsi in ogni caso per motivi legittimi al loro trattamento.  <\/p>\n\n\n\n<p>L\u2019Interessato pu\u00f2 inoltre proporre reclamo all\u2019Autorit\u00e0 di controllo in caso di violazione della disciplina in materia di protezione dei dati personali. Per esercitare tali diritti l\u2019utente pu\u00f2 in qualsiasi momento contattare il Titolare al seguente indirizzo mail: dsr@dsrom.de o il Responsabile della protezione dei dati alla mail: dpo@dsrom.de <\/p>\n\n\n\n<p><\/p>\n","protected":false},"excerpt":{"rendered":"<p>Privacy In questa pagina si descrivono le modalit\u00e0 di gestione del sito www.dsrom.de in riferimento al trattamento dei dati personali degli utenti che lo consultano, o che si registrano ad [&hellip;]<\/p>\n","protected":false},"author":1,"featured_media":0,"parent":0,"menu_order":0,"comment_status":"closed","ping_status":"closed","template":"","meta":{"footnotes":""},"class_list":["post-20006","page","type-page","status-publish","hentry"],"yoast_head":"<!-- This site is optimized with the Yoast SEO plugin v27.1.1 - https:\/\/yoast.com\/product\/yoast-seo-wordpress\/ -->\n<title>Informativa - DSROM<\/title>\n<meta name=\"robots\" content=\"index, follow, max-snippet:-1, max-image-preview:large, max-video-preview:-1\" \/>\n<link rel=\"canonical\" href=\"https:\/\/dsrom.de\/it\/informativa\/\" \/>\n<meta property=\"og:locale\" content=\"it_IT\" \/>\n<meta property=\"og:type\" content=\"article\" \/>\n<meta property=\"og:title\" content=\"Informativa - DSROM\" \/>\n<meta property=\"og:description\" content=\"Privacy In questa pagina si descrivono le modalit\u00e0 di gestione del sito www.dsrom.de in riferimento al trattamento dei dati personali degli utenti che lo consultano, o che si registrano ad [&hellip;]\" \/>\n<meta property=\"og:url\" content=\"https:\/\/dsrom.de\/it\/informativa\/\" \/>\n<meta property=\"og:site_name\" content=\"DSROM\" \/>\n<meta property=\"article:modified_time\" content=\"2024-12-05T22:22:53+00:00\" \/>\n<meta name=\"twitter:card\" content=\"summary_large_image\" \/>\n<meta name=\"twitter:label1\" content=\"Tempo di lettura stimato\" \/>\n\t<meta name=\"twitter:data1\" content=\"6 minuti\" \/>\n<script type=\"application\/ld+json\" class=\"yoast-schema-graph\">{\"@context\":\"https:\/\/schema.org\",\"@graph\":[{\"@type\":\"WebPage\",\"@id\":\"https:\/\/dsrom.de\/it\/informativa\/\",\"url\":\"https:\/\/dsrom.de\/it\/informativa\/\",\"name\":\"Informativa - DSROM\",\"isPartOf\":{\"@id\":\"https:\/\/dsrom.de\/it\/#website\"},\"datePublished\":\"2020-12-30T14:20:19+00:00\",\"dateModified\":\"2024-12-05T22:22:53+00:00\",\"breadcrumb\":{\"@id\":\"https:\/\/dsrom.de\/it\/informativa\/#breadcrumb\"},\"inLanguage\":\"it-IT\",\"potentialAction\":[{\"@type\":\"ReadAction\",\"target\":[\"https:\/\/dsrom.de\/it\/informativa\/\"]}]},{\"@type\":\"BreadcrumbList\",\"@id\":\"https:\/\/dsrom.de\/it\/informativa\/#breadcrumb\",\"itemListElement\":[{\"@type\":\"ListItem\",\"position\":1,\"name\":\"Startseite\",\"item\":\"https:\/\/dsrom.de\/it\/\"},{\"@type\":\"ListItem\",\"position\":2,\"name\":\"Informativa\"}]},{\"@type\":\"WebSite\",\"@id\":\"https:\/\/dsrom.de\/it\/#website\",\"url\":\"https:\/\/dsrom.de\/it\/\",\"name\":\"DSROM\",\"description\":\"\",\"potentialAction\":[{\"@type\":\"SearchAction\",\"target\":{\"@type\":\"EntryPoint\",\"urlTemplate\":\"https:\/\/dsrom.de\/it\/?s={search_term_string}\"},\"query-input\":{\"@type\":\"PropertyValueSpecification\",\"valueRequired\":true,\"valueName\":\"search_term_string\"}}],\"inLanguage\":\"it-IT\"}]}<\/script>\n<!-- \/ Yoast SEO plugin. -->","yoast_head_json":{"title":"Informativa - DSROM","robots":{"index":"index","follow":"follow","max-snippet":"max-snippet:-1","max-image-preview":"max-image-preview:large","max-video-preview":"max-video-preview:-1"},"canonical":"https:\/\/dsrom.de\/it\/informativa\/","og_locale":"it_IT","og_type":"article","og_title":"Informativa - DSROM","og_description":"Privacy In questa pagina si descrivono le modalit\u00e0 di gestione del sito www.dsrom.de in riferimento al trattamento dei dati personali degli utenti che lo consultano, o che si registrano ad [&hellip;]","og_url":"https:\/\/dsrom.de\/it\/informativa\/","og_site_name":"DSROM","article_modified_time":"2024-12-05T22:22:53+00:00","twitter_card":"summary_large_image","twitter_misc":{"Tempo di lettura stimato":"6 minuti"},"schema":{"@context":"https:\/\/schema.org","@graph":[{"@type":"WebPage","@id":"https:\/\/dsrom.de\/it\/informativa\/","url":"https:\/\/dsrom.de\/it\/informativa\/","name":"Informativa - DSROM","isPartOf":{"@id":"https:\/\/dsrom.de\/it\/#website"},"datePublished":"2020-12-30T14:20:19+00:00","dateModified":"2024-12-05T22:22:53+00:00","breadcrumb":{"@id":"https:\/\/dsrom.de\/it\/informativa\/#breadcrumb"},"inLanguage":"it-IT","potentialAction":[{"@type":"ReadAction","target":["https:\/\/dsrom.de\/it\/informativa\/"]}]},{"@type":"BreadcrumbList","@id":"https:\/\/dsrom.de\/it\/informativa\/#breadcrumb","itemListElement":[{"@type":"ListItem","position":1,"name":"Startseite","item":"https:\/\/dsrom.de\/it\/"},{"@type":"ListItem","position":2,"name":"Informativa"}]},{"@type":"WebSite","@id":"https:\/\/dsrom.de\/it\/#website","url":"https:\/\/dsrom.de\/it\/","name":"DSROM","description":"","potentialAction":[{"@type":"SearchAction","target":{"@type":"EntryPoint","urlTemplate":"https:\/\/dsrom.de\/it\/?s={search_term_string}"},"query-input":{"@type":"PropertyValueSpecification","valueRequired":true,"valueName":"search_term_string"}}],"inLanguage":"it-IT"}]}},"_links":{"self":[{"href":"https:\/\/dsrom.de\/it\/wp-json\/wp\/v2\/pages\/20006","targetHints":{"allow":["GET"]}}],"collection":[{"href":"https:\/\/dsrom.de\/it\/wp-json\/wp\/v2\/pages"}],"about":[{"href":"https:\/\/dsrom.de\/it\/wp-json\/wp\/v2\/types\/page"}],"author":[{"embeddable":true,"href":"https:\/\/dsrom.de\/it\/wp-json\/wp\/v2\/users\/1"}],"replies":[{"embeddable":true,"href":"https:\/\/dsrom.de\/it\/wp-json\/wp\/v2\/comments?post=20006"}],"version-history":[{"count":5,"href":"https:\/\/dsrom.de\/it\/wp-json\/wp\/v2\/pages\/20006\/revisions"}],"predecessor-version":[{"id":20092,"href":"https:\/\/dsrom.de\/it\/wp-json\/wp\/v2\/pages\/20006\/revisions\/20092"}],"wp:attachment":[{"href":"https:\/\/dsrom.de\/it\/wp-json\/wp\/v2\/media?parent=20006"}],"curies":[{"name":"wp","href":"https:\/\/api.w.org\/{rel}","templated":true}]}}